{"id":7862,"date":"2025-12-22T07:30:53","date_gmt":"2025-12-22T07:30:53","guid":{"rendered":"https:\/\/lingual24.de\/?page_id=7862"},"modified":"2025-12-22T08:18:37","modified_gmt":"2025-12-22T08:18:37","slug":"wartung","status":"publish","type":"page","link":"https:\/\/lingual24.de\/","title":{"rendered":"Wartung"},"content":{"rendered":"\t\t<div data-elementor-type=\"wp-page\" data-elementor-id=\"7862\" class=\"elementor elementor-7862\" data-elementor-post-type=\"page\">\n\t\t\t\t<div class=\"elementor-element elementor-element-bbff7ee e-flex e-con-boxed wpr-particle-no wpr-jarallax-no wpr-parallax-no wpr-sticky-section-no e-con e-parent\" data-id=\"bbff7ee\" data-element_type=\"container\" data-settings=\"{&quot;background_background&quot;:&quot;gradient&quot;}\">\n\t\t\t\t\t<div class=\"e-con-inner\">\n\t\t<div class=\"elementor-element elementor-element-5814095 e-con-full e-flex wpr-particle-no wpr-jarallax-no wpr-parallax-no wpr-sticky-section-no e-con e-child\" data-id=\"5814095\" data-element_type=\"container\">\n\t\t\t\t<div class=\"elementor-element elementor-element-354cc13 elementor-widget elementor-widget-heading\" data-id=\"354cc13\" data-element_type=\"widget\" data-widget_type=\"heading.default\">\n\t\t\t\t<div class=\"elementor-widget-container\">\n\t\t\t\t\t<h2 class=\"elementor-heading-title elementor-size-default\">Wartungsarbeiten<\/h2>\t\t\t\t<\/div>\n\t\t\t\t<\/div>\n\t\t\t\t<div class=\"elementor-element elementor-element-4dcfd8d elementor-widget elementor-widget-heading\" data-id=\"4dcfd8d\" data-element_type=\"widget\" data-widget_type=\"heading.default\">\n\t\t\t\t<div class=\"elementor-widget-container\">\n\t\t\t\t\t<h2 class=\"elementor-heading-title elementor-size-default\">Wir sind bald wieder f\u00fcr Sie da.<\/h2>\t\t\t\t<\/div>\n\t\t\t\t<\/div>\n\t\t\t\t<div class=\"elementor-element elementor-element-0b6065d elementor-widget elementor-widget-text-editor\" data-id=\"0b6065d\" data-element_type=\"widget\" data-widget_type=\"text-editor.default\">\n\t\t\t\t<div class=\"elementor-widget-container\">\n\t\t\t\t\t\t\t\t\t<p>Unsere Website wird aktuell gewartet, um Inhalte und Funktionen zu verbessern. <br \/>Wir sind in K\u00fcrze wieder online. <strong>Vielen Dank f\u00fcr Ihr Verst\u00e4ndnis.<\/strong><\/p>\t\t\t\t\t\t\t\t<\/div>\n\t\t\t\t<\/div>\n\t\t\t\t<\/div>\n\t\t<div class=\"elementor-element elementor-element-243b3d3 e-con-full e-flex wpr-particle-no wpr-jarallax-no wpr-parallax-no wpr-sticky-section-no e-con e-child\" data-id=\"243b3d3\" data-element_type=\"container\">\n\t\t\t\t<div class=\"elementor-element elementor-element-8db6a56 elementor-widget elementor-widget-image\" data-id=\"8db6a56\" data-element_type=\"widget\" data-widget_type=\"image.default\">\n\t\t\t\t<div class=\"elementor-widget-container\">\n\t\t\t\t\t\t\t\t\t\t\t\t\t\t\t<img fetchpriority=\"high\" decoding=\"async\" width=\"1018\" height=\"367\" src=\"https:\/\/lingual24.de\/wp-content\/uploads\/2023\/12\/ligual24-logo.png\" class=\"attachment-large size-large wp-image-5709\" alt=\"\" srcset=\"https:\/\/lingual24.de\/wp-content\/uploads\/2023\/12\/ligual24-logo.png 1018w, https:\/\/lingual24.de\/wp-content\/uploads\/2023\/12\/ligual24-logo-300x108.png 300w, https:\/\/lingual24.de\/wp-content\/uploads\/2023\/12\/ligual24-logo-768x277.png 768w\" sizes=\"(max-width: 1018px) 100vw, 1018px\" \/>\t\t\t\t\t\t\t\t\t\t\t\t\t\t\t<\/div>\n\t\t\t\t<\/div>\n\t\t\t\t<\/div>\n\t\t\t\t\t<\/div>\n\t\t\t\t<\/div>\n\t\t\t\t<\/div>\n\t\t","protected":false},"excerpt":{"rendered":"<p>Wartungsarbeiten Wir sind bald wieder f\u00fcr Sie da. Unsere Website wird aktuell gewartet, um Inhalte und Funktionen zu verbessern. Wir sind in K\u00fcrze wieder online. Vielen Dank f\u00fcr Ihr Verst\u00e4ndnis.<\/p>\n","protected":false},"author":1,"featured_media":0,"parent":0,"menu_order":0,"comment_status":"closed","ping_status":"closed","template":"elementor_canvas","meta":{"footnotes":""},"class_list":["post-7862","page","type-page","status-publish"],"yoast_head":"<!-- This site is optimized with the Yoast SEO plugin v24.0 - https:\/\/yoast.com\/wordpress\/plugins\/seo\/ -->\n<title>Wartung - Lingual24<\/title>\n<meta name=\"robots\" content=\"index, follow, max-snippet:-1, max-image-preview:large, max-video-preview:-1\" \/>\n<link rel=\"canonical\" href=\"https:\/\/lingual24.de\/\" \/>\n<meta property=\"og:locale\" content=\"de_DE\" \/>\n<meta property=\"og:type\" content=\"article\" \/>\n<meta property=\"og:title\" content=\"Wartung - Lingual24\" \/>\n<meta property=\"og:description\" content=\"Wartungsarbeiten Wir sind bald wieder f\u00fcr Sie da. Unsere Website wird aktuell gewartet, um Inhalte und Funktionen zu verbessern. Wir sind in K\u00fcrze wieder online. Vielen Dank f\u00fcr Ihr Verst\u00e4ndnis.\" \/>\n<meta property=\"og:url\" content=\"https:\/\/lingual24.de\/\" \/>\n<meta property=\"og:site_name\" content=\"Lingual24\" \/>\n<meta property=\"article:modified_time\" content=\"2025-12-22T08:18:37+00:00\" \/>\n<meta property=\"og:image\" content=\"https:\/\/lingual24.de\/wp-content\/uploads\/2023\/12\/ligual24-logo.png\" \/>\n\t<meta property=\"og:image:width\" content=\"1018\" \/>\n\t<meta property=\"og:image:height\" content=\"367\" \/>\n\t<meta property=\"og:image:type\" content=\"image\/png\" \/>\n<meta name=\"twitter:card\" content=\"summary_large_image\" \/>\n<meta name=\"twitter:label1\" content=\"Gesch\u00e4tzte Lesezeit\" \/>\n\t<meta name=\"twitter:data1\" content=\"1\u00a0Minute\" \/>\n<script type=\"application\/ld+json\" class=\"yoast-schema-graph\">{\"@context\":\"https:\/\/schema.org\",\"@graph\":[{\"@type\":\"WebPage\",\"@id\":\"https:\/\/lingual24.de\/\",\"url\":\"https:\/\/lingual24.de\/\",\"name\":\"Wartung - Lingual24\",\"isPartOf\":{\"@id\":\"https:\/\/lingual24.de\/#website\"},\"primaryImageOfPage\":{\"@id\":\"https:\/\/lingual24.de\/#primaryimage\"},\"image\":{\"@id\":\"https:\/\/lingual24.de\/#primaryimage\"},\"thumbnailUrl\":\"https:\/\/lingual24.de\/wp-content\/uploads\/2023\/12\/ligual24-logo.png\",\"datePublished\":\"2025-12-22T07:30:53+00:00\",\"dateModified\":\"2025-12-22T08:18:37+00:00\",\"breadcrumb\":{\"@id\":\"https:\/\/lingual24.de\/#breadcrumb\"},\"inLanguage\":\"de\",\"potentialAction\":[{\"@type\":\"ReadAction\",\"target\":[\"https:\/\/lingual24.de\/\"]}]},{\"@type\":\"ImageObject\",\"inLanguage\":\"de\",\"@id\":\"https:\/\/lingual24.de\/#primaryimage\",\"url\":\"https:\/\/lingual24.de\/wp-content\/uploads\/2023\/12\/ligual24-logo.png\",\"contentUrl\":\"https:\/\/lingual24.de\/wp-content\/uploads\/2023\/12\/ligual24-logo.png\",\"width\":1018,\"height\":367},{\"@type\":\"BreadcrumbList\",\"@id\":\"https:\/\/lingual24.de\/#breadcrumb\",\"itemListElement\":[{\"@type\":\"ListItem\",\"position\":1,\"name\":\"Startseite\",\"item\":\"https:\/\/lingual24.de\/\"},{\"@type\":\"ListItem\",\"position\":2,\"name\":\"Wartung\"}]},{\"@type\":\"WebSite\",\"@id\":\"https:\/\/lingual24.de\/#website\",\"url\":\"https:\/\/lingual24.de\/\",\"name\":\"Lingual24\",\"description\":\"Eine Union lokaler Dolmetscher und \u00dcbersetzer\",\"publisher\":{\"@id\":\"https:\/\/lingual24.de\/#organization\"},\"potentialAction\":[{\"@type\":\"SearchAction\",\"target\":{\"@type\":\"EntryPoint\",\"urlTemplate\":\"https:\/\/lingual24.de\/?s={search_term_string}\"},\"query-input\":{\"@type\":\"PropertyValueSpecification\",\"valueRequired\":true,\"valueName\":\"search_term_string\"}}],\"inLanguage\":\"de\"},{\"@type\":\"Organization\",\"@id\":\"https:\/\/lingual24.de\/#organization\",\"name\":\"Lingual24\",\"url\":\"https:\/\/lingual24.de\/\",\"logo\":{\"@type\":\"ImageObject\",\"inLanguage\":\"de\",\"@id\":\"https:\/\/lingual24.de\/#\/schema\/logo\/image\/\",\"url\":\"https:\/\/lingual24.de\/wp-content\/uploads\/2024\/04\/cropped-ligual24-logo.png\",\"contentUrl\":\"https:\/\/lingual24.de\/wp-content\/uploads\/2024\/04\/cropped-ligual24-logo.png\",\"width\":1018,\"height\":367,\"caption\":\"Lingual24\"},\"image\":{\"@id\":\"https:\/\/lingual24.de\/#\/schema\/logo\/image\/\"}}]}<\/script>\n<!-- \/ Yoast SEO plugin. -->","yoast_head_json":{"title":"Wartung - Lingual24","robots":{"index":"index","follow":"follow","max-snippet":"max-snippet:-1","max-image-preview":"max-image-preview:large","max-video-preview":"max-video-preview:-1"},"canonical":"https:\/\/lingual24.de\/","og_locale":"de_DE","og_type":"article","og_title":"Wartung - Lingual24","og_description":"Wartungsarbeiten Wir sind bald wieder f\u00fcr Sie da. Unsere Website wird aktuell gewartet, um Inhalte und Funktionen zu verbessern. Wir sind in K\u00fcrze wieder online. Vielen Dank f\u00fcr Ihr Verst\u00e4ndnis.","og_url":"https:\/\/lingual24.de\/","og_site_name":"Lingual24","article_modified_time":"2025-12-22T08:18:37+00:00","og_image":[{"width":1018,"height":367,"url":"https:\/\/lingual24.de\/wp-content\/uploads\/2023\/12\/ligual24-logo.png","type":"image\/png"}],"twitter_card":"summary_large_image","twitter_misc":{"Gesch\u00e4tzte Lesezeit":"1\u00a0Minute"},"schema":{"@context":"https:\/\/schema.org","@graph":[{"@type":"WebPage","@id":"https:\/\/lingual24.de\/","url":"https:\/\/lingual24.de\/","name":"Wartung - Lingual24","isPartOf":{"@id":"https:\/\/lingual24.de\/#website"},"primaryImageOfPage":{"@id":"https:\/\/lingual24.de\/#primaryimage"},"image":{"@id":"https:\/\/lingual24.de\/#primaryimage"},"thumbnailUrl":"https:\/\/lingual24.de\/wp-content\/uploads\/2023\/12\/ligual24-logo.png","datePublished":"2025-12-22T07:30:53+00:00","dateModified":"2025-12-22T08:18:37+00:00","breadcrumb":{"@id":"https:\/\/lingual24.de\/#breadcrumb"},"inLanguage":"de","potentialAction":[{"@type":"ReadAction","target":["https:\/\/lingual24.de\/"]}]},{"@type":"ImageObject","inLanguage":"de","@id":"https:\/\/lingual24.de\/#primaryimage","url":"https:\/\/lingual24.de\/wp-content\/uploads\/2023\/12\/ligual24-logo.png","contentUrl":"https:\/\/lingual24.de\/wp-content\/uploads\/2023\/12\/ligual24-logo.png","width":1018,"height":367},{"@type":"BreadcrumbList","@id":"https:\/\/lingual24.de\/#breadcrumb","itemListElement":[{"@type":"ListItem","position":1,"name":"Startseite","item":"https:\/\/lingual24.de\/"},{"@type":"ListItem","position":2,"name":"Wartung"}]},{"@type":"WebSite","@id":"https:\/\/lingual24.de\/#website","url":"https:\/\/lingual24.de\/","name":"Lingual24","description":"Eine Union lokaler Dolmetscher und \u00dcbersetzer","publisher":{"@id":"https:\/\/lingual24.de\/#organization"},"potentialAction":[{"@type":"SearchAction","target":{"@type":"EntryPoint","urlTemplate":"https:\/\/lingual24.de\/?s={search_term_string}"},"query-input":{"@type":"PropertyValueSpecification","valueRequired":true,"valueName":"search_term_string"}}],"inLanguage":"de"},{"@type":"Organization","@id":"https:\/\/lingual24.de\/#organization","name":"Lingual24","url":"https:\/\/lingual24.de\/","logo":{"@type":"ImageObject","inLanguage":"de","@id":"https:\/\/lingual24.de\/#\/schema\/logo\/image\/","url":"https:\/\/lingual24.de\/wp-content\/uploads\/2024\/04\/cropped-ligual24-logo.png","contentUrl":"https:\/\/lingual24.de\/wp-content\/uploads\/2024\/04\/cropped-ligual24-logo.png","width":1018,"height":367,"caption":"Lingual24"},"image":{"@id":"https:\/\/lingual24.de\/#\/schema\/logo\/image\/"}}]}},"_links":{"self":[{"href":"https:\/\/lingual24.de\/index.php?rest_route=\/wp\/v2\/pages\/7862","targetHints":{"allow":["GET"]}}],"collection":[{"href":"https:\/\/lingual24.de\/index.php?rest_route=\/wp\/v2\/pages"}],"about":[{"href":"https:\/\/lingual24.de\/index.php?rest_route=\/wp\/v2\/types\/page"}],"author":[{"embeddable":true,"href":"https:\/\/lingual24.de\/index.php?rest_route=\/wp\/v2\/users\/1"}],"replies":[{"embeddable":true,"href":"https:\/\/lingual24.de\/index.php?rest_route=%2Fwp%2Fv2%2Fcomments&post=7862"}],"version-history":[{"count":31,"href":"https:\/\/lingual24.de\/index.php?rest_route=\/wp\/v2\/pages\/7862\/revisions"}],"predecessor-version":[{"id":7904,"href":"https:\/\/lingual24.de\/index.php?rest_route=\/wp\/v2\/pages\/7862\/revisions\/7904"}],"wp:attachment":[{"href":"https:\/\/lingual24.de\/index.php?rest_route=%2Fwp%2Fv2%2Fmedia&parent=7862"}],"curies":[{"name":"wp","href":"https:\/\/api.w.org\/{rel}","templated":true}]}}